{"id":247,"date":"2024-02-26T11:10:54","date_gmt":"2024-02-26T10:10:54","guid":{"rendered":"http:\/\/localhost\/ferrovievaldorcia.it\/?page_id=247"},"modified":"2026-02-16T22:40:40","modified_gmt":"2026-02-16T21:40:40","slug":"iscriviti","status":"publish","type":"page","link":"https:\/\/ferroviavaldorcia.it\/en\/iscriviti\/","title":{"rendered":"Subscribe"},"content":{"rendered":"<div data-elementor-type=\"wp-page\" data-elementor-id=\"247\" class=\"elementor elementor-247\">\n\t\t\t\t<div class=\"elementor-element elementor-element-706b0ad e-flex e-con-boxed e-con e-parent\" data-id=\"706b0ad\" data-element_type=\"container\">\n\t\t\t\t\t<div class=\"e-con-inner\">\n\t\t\t\t<div class=\"elementor-element elementor-element-9d6bede elementor-widget elementor-widget-spacer\" data-id=\"9d6bede\" data-element_type=\"widget\" data-widget_type=\"spacer.default\">\n\t\t\t\t<div class=\"elementor-widget-container\">\n\t\t\t\t\t\t\t<div class=\"elementor-spacer\">\n\t\t\t<div class=\"elementor-spacer-inner\"><\/div>\n\t\t<\/div>\n\t\t\t\t\t\t<\/div>\n\t\t\t\t<\/div>\n\t\t\t\t\t<\/div>\n\t\t\t\t<\/div>\n\t\t<div class=\"elementor-element elementor-element-6ab1ea2 e-flex e-con-boxed e-con e-parent\" data-id=\"6ab1ea2\" data-element_type=\"container\">\n\t\t\t\t\t<div class=\"e-con-inner\">\n\t\t<div class=\"elementor-element elementor-element-c743e36 e-con-full e-flex e-con e-child\" data-id=\"c743e36\" data-element_type=\"container\">\n\t\t\t\t<div class=\"elementor-element elementor-element-6c16016 elementor-widget elementor-widget-heading\" data-id=\"6c16016\" data-element_type=\"widget\" data-widget_type=\"heading.default\">\n\t\t\t\t<div class=\"elementor-widget-container\">\n\t\t\t\t\t<h2 class=\"elementor-heading-title elementor-size-default\">Subscribe<\/h2>\t\t\t\t<\/div>\n\t\t\t\t<\/div>\n\t\t\t\t<div class=\"elementor-element elementor-element-f3f95d3 elementor-widget-divider--view-line elementor-widget elementor-widget-divider\" data-id=\"f3f95d3\" data-element_type=\"widget\" data-widget_type=\"divider.default\">\n\t\t\t\t<div class=\"elementor-widget-container\">\n\t\t\t\t\t\t\t<div class=\"elementor-divider\">\n\t\t\t<span class=\"elementor-divider-separator\">\n\t\t\t\t\t\t<\/span>\n\t\t<\/div>\n\t\t\t\t\t\t<\/div>\n\t\t\t\t<\/div>\n\t\t\t\t<div class=\"elementor-element elementor-element-95a5329 elementor-widget elementor-widget-text-editor\" data-id=\"95a5329\" data-element_type=\"widget\" data-widget_type=\"text-editor.default\">\n\t\t\t\t<div class=\"elementor-widget-container\">\n\t\t\t\t\t\t\t\t\t<div class=\"et_pb_column et_pb_column_1_2 et_pb_column_1 et_pb_css_mix_blend_mode_passthrough\"><div class=\"et_pb_module et_pb_text et_pb_text_1 et_pb_text_align_left et_pb_bg_layout_light\"><div class=\"et_pb_text_inner\"><div class=\"page\" title=\"Page 1\"><div class=\"layoutArea\"><div class=\"column\"><p>By becoming a member, you will have the opportunity to take an active part in the life of the association, as well as participate in the activities on board our trains and all other initiatives related to the tourist train programs.<\/p><p>Our bylaws are available for review at the following <strong><a href=\"https:\/\/ferroviavaldorcia.it\/wp-content\/uploads\/2024\/02\/FVO-APS-statuto.pdf\" target=\"_blank\" rel=\"noopener\">link<\/a><\/strong>.<\/p><p>After a period of theoretical and practical training, and a period of shadowing, you will have the opportunity to serve as a volunteer.<\/p><p>If you would like to become a member of the Val d'Orcia Railway, you can apply for membership by downloading and filling out the form you see on this page.<\/p><p>After completing the form, send it to <a href=\"mailto:treninvaldorcia@gmail.com\"><span style=\"text-decoration: underline;\">treninvaldorcia@gmail.com<\/span><\/a>\u00a0with your identification attached.<\/p><div class=\"page\" title=\"Page 1\"><div class=\"layoutArea\"><div class=\"column\"><p><strong>The registration fee is \u20ac<\/strong> <strong>25,00.<\/strong><\/p><p>For information on this matter, please feel free to contact one of the following numbers by phone.<\/p><p>tel: <span style=\"text-decoration: underline;\"><a href=\"tel:+393388992577\">+39 338 8992577<\/a><\/span> \/ <span style=\"text-decoration: underline;\"><a href=\"tel:+393385945962\">+39 338 5945962<\/a><\/span>.<\/p><p><em>Ferrovia Val d\u2019Orcia &#8211; FVO &#8211; APS.<\/em><\/p><\/div><\/div><\/div><\/div><\/div><\/div><\/div><\/div><\/div>\t\t\t\t\t\t\t\t<\/div>\n\t\t\t\t<\/div>\n\t\t\t\t<\/div>\n\t\t<div class=\"elementor-element elementor-element-3964543 e-con-full e-flex e-con e-child\" data-id=\"3964543\" data-element_type=\"container\">\n\t\t\t\t<div class=\"elementor-element elementor-element-25d98ab elementor-widget elementor-widget-image\" data-id=\"25d98ab\" data-element_type=\"widget\" data-widget_type=\"image.default\">\n\t\t\t\t<div class=\"elementor-widget-container\">\n\t\t\t\t\t\t\t\t\t\t\t\t\t\t\t\t<a href=\"https:\/\/ferroviavaldorcia.it\/wp-content\/uploads\/2024\/02\/Iscrizione-FVO-2024.jpg\" data-elementor-open-lightbox=\"yes\" data-elementor-lightbox-title=\"Iscrizione-FVO-2024\" data-e-action-hash=\"#elementor-action%3Aaction%3Dlightbox%26settings%3DeyJpZCI6NjA5LCJ1cmwiOiJodHRwczpcL1wvZmVycm92aWF2YWxkb3JjaWEuaXRcL3dwLWNvbnRlbnRcL3VwbG9hZHNcLzIwMjRcLzAyXC9Jc2NyaXppb25lLUZWTy0yMDI0LmpwZyJ9\">\n\t\t\t\t\t\t\t<img fetchpriority=\"high\" decoding=\"async\" width=\"594\" height=\"842\" src=\"https:\/\/ferroviavaldorcia.it\/wp-content\/uploads\/2024\/02\/Iscrizione-FVO-2024.jpg\" class=\"attachment-large size-large wp-image-609\" alt=\"\" srcset=\"https:\/\/ferroviavaldorcia.it\/wp-content\/uploads\/2024\/02\/Iscrizione-FVO-2024.jpg 594w, https:\/\/ferroviavaldorcia.it\/wp-content\/uploads\/2024\/02\/Iscrizione-FVO-2024-212x300.jpg 212w\" sizes=\"(max-width: 594px) 100vw, 594px\" \/>\t\t\t\t\t\t\t\t<\/a>\n\t\t\t\t\t\t\t\t\t\t\t\t\t\t\t<\/div>\n\t\t\t\t<\/div>\n\t\t\t\t<\/div>\n\t\t\t\t\t<\/div>\n\t\t\t\t<\/div>\n\t\t<div class=\"elementor-element elementor-element-96f55ad e-flex e-con-boxed e-con e-parent\" data-id=\"96f55ad\" data-element_type=\"container\">\n\t\t\t\t\t<div class=\"e-con-inner\">\n\t\t\t\t<div class=\"elementor-element elementor-element-a209b9c elementor-widget elementor-widget-spacer\" data-id=\"a209b9c\" data-element_type=\"widget\" data-widget_type=\"spacer.default\">\n\t\t\t\t<div class=\"elementor-widget-container\">\n\t\t\t\t\t\t\t<div class=\"elementor-spacer\">\n\t\t\t<div class=\"elementor-spacer-inner\"><\/div>\n\t\t<\/div>\n\t\t\t\t\t\t<\/div>\n\t\t\t\t<\/div>\n\t\t\t\t\t<\/div>\n\t\t\t\t<\/div>\n\t\t\t\t<\/div>","protected":false},"excerpt":{"rendered":"<p>Iscriviti Diventando soci, avrete l\u2019opportunit\u00e0 di partecipare attivamente alla vita dell\u2019associazione, nonch\u00e9 di partecipare alle attivit\u00e0 a bordo dei nostri treni e a tutte le altre iniziative legate ai programmi dei treni turistici. Il nostro statuto \u00e8 disponibile per la consultazione al seguente link. Dopo un periodo di formazione teorica e pratica, e un periodo &hellip;<\/p>","protected":false},"author":1,"featured_media":0,"parent":0,"menu_order":0,"comment_status":"closed","ping_status":"closed","template":"","meta":{"footnotes":""},"class_list":["post-247","page","type-page","status-publish","hentry"],"yoast_head":"<!-- This site is optimized with the Yoast SEO plugin v24.5 - https:\/\/yoast.com\/wordpress\/plugins\/seo\/ -->\n<title>Iscriviti e Diventa un Socio di Ferrovia Val d&#039;Orcia<\/title>\n<meta name=\"description\" content=\"Iscriviti e diventa un socio di Ferrovia Val d&#039;Orcia per essere parte del nostro gruppo e avrete l\u2019opportunit\u00e0 di partecipare attivamente alla vita dell\u2019associazione, nonch\u00e9 di partecipare alle attivit\u00e0 a bordo dei nostri treni e a tutte le altre iniziative legate ai programmi dei treni turistici della Val d&#039;Orcia.\" \/>\n<meta name=\"robots\" content=\"index, follow, max-snippet:-1, max-image-preview:large, max-video-preview:-1\" \/>\n<link rel=\"canonical\" href=\"https:\/\/ferroviavaldorcia.it\/en\/iscriviti\/\" \/>\n<meta property=\"og:locale\" content=\"en_GB\" \/>\n<meta property=\"og:type\" content=\"article\" \/>\n<meta property=\"og:title\" content=\"Iscriviti e Diventa un Socio di Ferrovia Val d&#039;Orcia\" \/>\n<meta property=\"og:description\" content=\"Iscriviti e diventa un socio di Ferrovia Val d&#039;Orcia per essere parte del nostro gruppo e avrete l\u2019opportunit\u00e0 di partecipare attivamente alla vita dell\u2019associazione, nonch\u00e9 di partecipare alle attivit\u00e0 a bordo dei nostri treni e a tutte le altre iniziative legate ai programmi dei treni turistici della Val d&#039;Orcia.\" \/>\n<meta property=\"og:url\" content=\"https:\/\/ferroviavaldorcia.it\/en\/iscriviti\/\" \/>\n<meta property=\"og:site_name\" content=\"Ferrovia Val d&#039;Orcia\" \/>\n<meta property=\"article:modified_time\" content=\"2026-02-16T21:40:40+00:00\" \/>\n<meta property=\"og:image\" content=\"https:\/\/ferroviavaldorcia.it\/wp-content\/uploads\/2024\/02\/Iscrizione-FVO-2024.jpg\" \/>\n\t<meta property=\"og:image:width\" content=\"594\" \/>\n\t<meta property=\"og:image:height\" content=\"842\" \/>\n\t<meta property=\"og:image:type\" content=\"image\/jpeg\" \/>\n<meta name=\"twitter:card\" content=\"summary_large_image\" \/>\n<meta name=\"twitter:label1\" content=\"Estimated reading time\" \/>\n\t<meta name=\"twitter:data1\" content=\"1 minute\" \/>\n<script type=\"application\/ld+json\" class=\"yoast-schema-graph\">{\"@context\":\"https:\/\/schema.org\",\"@graph\":[{\"@type\":\"WebPage\",\"@id\":\"https:\/\/ferroviavaldorcia.it\/iscriviti\/\",\"url\":\"https:\/\/ferroviavaldorcia.it\/iscriviti\/\",\"name\":\"Iscriviti e Diventa un Socio di Ferrovia Val d&#039;Orcia\",\"isPartOf\":{\"@id\":\"https:\/\/ferroviavaldorcia.it\/#website\"},\"primaryImageOfPage\":{\"@id\":\"https:\/\/ferroviavaldorcia.it\/iscriviti\/#primaryimage\"},\"image\":{\"@id\":\"https:\/\/ferroviavaldorcia.it\/iscriviti\/#primaryimage\"},\"thumbnailUrl\":\"https:\/\/ferroviavaldorcia.it\/wp-content\/uploads\/2024\/02\/Iscrizione-FVO-2024.jpg\",\"datePublished\":\"2024-02-26T10:10:54+00:00\",\"dateModified\":\"2026-02-16T21:40:40+00:00\",\"description\":\"Iscriviti e diventa un socio di Ferrovia Val d'Orcia per essere parte del nostro gruppo e avrete l\u2019opportunit\u00e0 di partecipare attivamente alla vita dell\u2019associazione, nonch\u00e9 di partecipare alle attivit\u00e0 a bordo dei nostri treni e a tutte le altre iniziative legate ai programmi dei treni turistici della Val d'Orcia.\",\"breadcrumb\":{\"@id\":\"https:\/\/ferroviavaldorcia.it\/iscriviti\/#breadcrumb\"},\"inLanguage\":\"en-GB\",\"potentialAction\":[{\"@type\":\"ReadAction\",\"target\":[\"https:\/\/ferroviavaldorcia.it\/iscriviti\/\"]}]},{\"@type\":\"ImageObject\",\"inLanguage\":\"en-GB\",\"@id\":\"https:\/\/ferroviavaldorcia.it\/iscriviti\/#primaryimage\",\"url\":\"https:\/\/ferroviavaldorcia.it\/wp-content\/uploads\/2024\/02\/Iscrizione-FVO-2024.jpg\",\"contentUrl\":\"https:\/\/ferroviavaldorcia.it\/wp-content\/uploads\/2024\/02\/Iscrizione-FVO-2024.jpg\"},{\"@type\":\"BreadcrumbList\",\"@id\":\"https:\/\/ferroviavaldorcia.it\/iscriviti\/#breadcrumb\",\"itemListElement\":[{\"@type\":\"ListItem\",\"position\":1,\"name\":\"Home\",\"item\":\"https:\/\/ferroviavaldorcia.it\/\"},{\"@type\":\"ListItem\",\"position\":2,\"name\":\"Iscriviti\"}]},{\"@type\":\"WebSite\",\"@id\":\"https:\/\/ferroviavaldorcia.it\/#website\",\"url\":\"https:\/\/ferroviavaldorcia.it\/\",\"name\":\"Ferrovia Val d'Orcia\",\"description\":\"Treno a vapore in Val d&#039;Orcia\",\"publisher\":{\"@id\":\"https:\/\/ferroviavaldorcia.it\/#organization\"},\"alternateName\":\"FVO - Ferrovia Val d'Orcia\",\"potentialAction\":[{\"@type\":\"SearchAction\",\"target\":{\"@type\":\"EntryPoint\",\"urlTemplate\":\"https:\/\/ferroviavaldorcia.it\/?s={search_term_string}\"},\"query-input\":{\"@type\":\"PropertyValueSpecification\",\"valueRequired\":true,\"valueName\":\"search_term_string\"}}],\"inLanguage\":\"en-GB\"},{\"@type\":\"Organization\",\"@id\":\"https:\/\/ferroviavaldorcia.it\/#organization\",\"name\":\"Ferrovia Val d'Orcia\",\"alternateName\":\"FVO - Ferrovia Val d'Orcia\",\"url\":\"https:\/\/ferroviavaldorcia.it\/\",\"logo\":{\"@type\":\"ImageObject\",\"inLanguage\":\"en-GB\",\"@id\":\"https:\/\/ferroviavaldorcia.it\/#\/schema\/logo\/image\/\",\"url\":\"https:\/\/ferroviavaldorcia.it\/wp-content\/uploads\/2024\/03\/LogoFVO-s.png\",\"contentUrl\":\"https:\/\/ferroviavaldorcia.it\/wp-content\/uploads\/2024\/03\/LogoFVO-s.png\",\"width\":225,\"height\":150,\"caption\":\"Ferrovia Val d'Orcia\"},\"image\":{\"@id\":\"https:\/\/ferroviavaldorcia.it\/#\/schema\/logo\/image\/\"}}]}<\/script>\n<!-- \/ Yoast SEO plugin. -->","yoast_head_json":{"title":"Iscriviti e Diventa un Socio di Ferrovia Val d&#039;Orcia","description":"Iscriviti e diventa un socio di Ferrovia Val d'Orcia per essere parte del nostro gruppo e avrete l\u2019opportunit\u00e0 di partecipare attivamente alla vita dell\u2019associazione, nonch\u00e9 di partecipare alle attivit\u00e0 a bordo dei nostri treni e a tutte le altre iniziative legate ai programmi dei treni turistici della Val d'Orcia.","robots":{"index":"index","follow":"follow","max-snippet":"max-snippet:-1","max-image-preview":"max-image-preview:large","max-video-preview":"max-video-preview:-1"},"canonical":"https:\/\/ferroviavaldorcia.it\/en\/iscriviti\/","og_locale":"en_GB","og_type":"article","og_title":"Iscriviti e Diventa un Socio di Ferrovia Val d&#039;Orcia","og_description":"Iscriviti e diventa un socio di Ferrovia Val d'Orcia per essere parte del nostro gruppo e avrete l\u2019opportunit\u00e0 di partecipare attivamente alla vita dell\u2019associazione, nonch\u00e9 di partecipare alle attivit\u00e0 a bordo dei nostri treni e a tutte le altre iniziative legate ai programmi dei treni turistici della Val d'Orcia.","og_url":"https:\/\/ferroviavaldorcia.it\/en\/iscriviti\/","og_site_name":"Ferrovia Val d&#039;Orcia","article_modified_time":"2026-02-16T21:40:40+00:00","og_image":[{"width":594,"height":842,"url":"https:\/\/ferroviavaldorcia.it\/wp-content\/uploads\/2024\/02\/Iscrizione-FVO-2024.jpg","type":"image\/jpeg"}],"twitter_card":"summary_large_image","twitter_misc":{"Estimated reading time":"1 minute"},"schema":{"@context":"https:\/\/schema.org","@graph":[{"@type":"WebPage","@id":"https:\/\/ferroviavaldorcia.it\/iscriviti\/","url":"https:\/\/ferroviavaldorcia.it\/iscriviti\/","name":"Iscriviti e Diventa un Socio di Ferrovia Val d&#039;Orcia","isPartOf":{"@id":"https:\/\/ferroviavaldorcia.it\/#website"},"primaryImageOfPage":{"@id":"https:\/\/ferroviavaldorcia.it\/iscriviti\/#primaryimage"},"image":{"@id":"https:\/\/ferroviavaldorcia.it\/iscriviti\/#primaryimage"},"thumbnailUrl":"https:\/\/ferroviavaldorcia.it\/wp-content\/uploads\/2024\/02\/Iscrizione-FVO-2024.jpg","datePublished":"2024-02-26T10:10:54+00:00","dateModified":"2026-02-16T21:40:40+00:00","description":"Iscriviti e diventa un socio di Ferrovia Val d'Orcia per essere parte del nostro gruppo e avrete l\u2019opportunit\u00e0 di partecipare attivamente alla vita dell\u2019associazione, nonch\u00e9 di partecipare alle attivit\u00e0 a bordo dei nostri treni e a tutte le altre iniziative legate ai programmi dei treni turistici della Val d'Orcia.","breadcrumb":{"@id":"https:\/\/ferroviavaldorcia.it\/iscriviti\/#breadcrumb"},"inLanguage":"en-GB","potentialAction":[{"@type":"ReadAction","target":["https:\/\/ferroviavaldorcia.it\/iscriviti\/"]}]},{"@type":"ImageObject","inLanguage":"en-GB","@id":"https:\/\/ferroviavaldorcia.it\/iscriviti\/#primaryimage","url":"https:\/\/ferroviavaldorcia.it\/wp-content\/uploads\/2024\/02\/Iscrizione-FVO-2024.jpg","contentUrl":"https:\/\/ferroviavaldorcia.it\/wp-content\/uploads\/2024\/02\/Iscrizione-FVO-2024.jpg"},{"@type":"BreadcrumbList","@id":"https:\/\/ferroviavaldorcia.it\/iscriviti\/#breadcrumb","itemListElement":[{"@type":"ListItem","position":1,"name":"Home","item":"https:\/\/ferroviavaldorcia.it\/"},{"@type":"ListItem","position":2,"name":"Iscriviti"}]},{"@type":"WebSite","@id":"https:\/\/ferroviavaldorcia.it\/#website","url":"https:\/\/ferroviavaldorcia.it\/","name":"Ferrovia Val d'Orcia","description":"Treno a vapore in Val d&#039;Orcia","publisher":{"@id":"https:\/\/ferroviavaldorcia.it\/#organization"},"alternateName":"FVO - Ferrovia Val d'Orcia","potentialAction":[{"@type":"SearchAction","target":{"@type":"EntryPoint","urlTemplate":"https:\/\/ferroviavaldorcia.it\/?s={search_term_string}"},"query-input":{"@type":"PropertyValueSpecification","valueRequired":true,"valueName":"search_term_string"}}],"inLanguage":"en-GB"},{"@type":"Organization","@id":"https:\/\/ferroviavaldorcia.it\/#organization","name":"Ferrovia Val d'Orcia","alternateName":"FVO - Ferrovia Val d'Orcia","url":"https:\/\/ferroviavaldorcia.it\/","logo":{"@type":"ImageObject","inLanguage":"en-GB","@id":"https:\/\/ferroviavaldorcia.it\/#\/schema\/logo\/image\/","url":"https:\/\/ferroviavaldorcia.it\/wp-content\/uploads\/2024\/03\/LogoFVO-s.png","contentUrl":"https:\/\/ferroviavaldorcia.it\/wp-content\/uploads\/2024\/03\/LogoFVO-s.png","width":225,"height":150,"caption":"Ferrovia Val d'Orcia"},"image":{"@id":"https:\/\/ferroviavaldorcia.it\/#\/schema\/logo\/image\/"}}]}},"_links":{"self":[{"href":"https:\/\/ferroviavaldorcia.it\/en\/wp-json\/wp\/v2\/pages\/247","targetHints":{"allow":["GET"]}}],"collection":[{"href":"https:\/\/ferroviavaldorcia.it\/en\/wp-json\/wp\/v2\/pages"}],"about":[{"href":"https:\/\/ferroviavaldorcia.it\/en\/wp-json\/wp\/v2\/types\/page"}],"author":[{"embeddable":true,"href":"https:\/\/ferroviavaldorcia.it\/en\/wp-json\/wp\/v2\/users\/1"}],"replies":[{"embeddable":true,"href":"https:\/\/ferroviavaldorcia.it\/en\/wp-json\/wp\/v2\/comments?post=247"}],"version-history":[{"count":50,"href":"https:\/\/ferroviavaldorcia.it\/en\/wp-json\/wp\/v2\/pages\/247\/revisions"}],"predecessor-version":[{"id":1457,"href":"https:\/\/ferroviavaldorcia.it\/en\/wp-json\/wp\/v2\/pages\/247\/revisions\/1457"}],"wp:attachment":[{"href":"https:\/\/ferroviavaldorcia.it\/en\/wp-json\/wp\/v2\/media?parent=247"}],"curies":[{"name":"wp","href":"https:\/\/api.w.org\/{rel}","templated":true}]}}